{"id":10397,"date":"2025-06-04T14:12:28","date_gmt":"2025-06-04T19:12:28","guid":{"rendered":"https:\/\/ipgh.gob.ec\/BIBLIOTECA\/?page_id=10397"},"modified":"2025-06-04T14:42:00","modified_gmt":"2025-06-04T19:42:00","slug":"listado-venta","status":"publish","type":"page","link":"https:\/\/ipgh.gob.ec\/BIBLIOTECA\/listado-venta\/","title":{"rendered":"Listado venta"},"content":{"rendered":"\t\t<div data-elementor-type=\"wp-page\" data-elementor-id=\"10397\" class=\"elementor elementor-10397\" data-elementor-post-type=\"page\">\n\t\t\t\t\t\t<section class=\"elementor-section elementor-top-section elementor-element elementor-element-5278944 elementor-section-boxed elementor-section-height-default elementor-section-height-default\" data-id=\"5278944\" data-element_type=\"section\" data-e-type=\"section\" data-settings=\"{&quot;background_background&quot;:&quot;classic&quot;,&quot;ekit_section_parallax_bg_speed&quot;:&quot;0.8&quot;,&quot;ekit_section_parallax_bg&quot;:&quot;yes&quot;,&quot;ekit_has_onepagescroll_dot&quot;:&quot;yes&quot;}\">\n\t\t\t\t\t\t<div class=\"elementor-container elementor-column-gap-default\">\n\t\t\t\t\t<div class=\"elementor-column elementor-col-100 elementor-top-column elementor-element elementor-element-86c2b53\" data-id=\"86c2b53\" data-element_type=\"column\" data-e-type=\"column\">\n\t\t\t<div class=\"elementor-widget-wrap elementor-element-populated\">\n\t\t\t\t\t\t<section class=\"elementor-section elementor-inner-section elementor-element elementor-element-2ada8b1 elementor-section-boxed elementor-section-height-default elementor-section-height-default\" data-id=\"2ada8b1\" data-element_type=\"section\" data-e-type=\"section\" data-settings=\"{&quot;ekit_section_parallax_bg&quot;:&quot;yes&quot;,&quot;ekit_section_parallax_bg_speed&quot;:0.5,&quot;ekit_has_onepagescroll_dot&quot;:&quot;yes&quot;}\">\n\t\t\t\t\t\t<div class=\"elementor-container elementor-column-gap-default\">\n\t\t\t\t\t<div class=\"elementor-column elementor-col-100 elementor-inner-column elementor-element elementor-element-006b9ef\" data-id=\"006b9ef\" data-element_type=\"column\" data-e-type=\"column\">\n\t\t\t<div class=\"elementor-widget-wrap elementor-element-populated\">\n\t\t\t\t\t\t<div class=\"elementor-element elementor-element-b5c6152 elementor-widget elementor-widget-elementskit-heading\" data-id=\"b5c6152\" data-element_type=\"widget\" data-e-type=\"widget\" data-settings=\"{&quot;ekit_we_effect_on&quot;:&quot;none&quot;}\" data-widget_type=\"elementskit-heading.default\">\n\t\t\t\t<div class=\"elementor-widget-container\">\n\t\t\t\t\t<div class=\"ekit-wid-con\" ><div class=\"ekit-heading elementskit-section-title-wraper text_left   ekit_heading_tablet-   ekit_heading_mobile-text_center\"><\/div><\/div>\t\t\t\t<\/div>\n\t\t\t\t<\/div>\n\t\t\t\t\t<\/div>\n\t\t<\/div>\n\t\t\t\t\t<\/div>\n\t\t<\/section>\n\t\t\t\t\t<\/div>\n\t\t<\/div>\n\t\t\t\t\t<\/div>\n\t\t<\/section>\n\t\t<div class=\"elementor-element elementor-element-bc07ceb e-con-full e-flex e-con e-parent\" data-id=\"bc07ceb\" data-element_type=\"container\" data-e-type=\"container\" data-settings=\"{&quot;background_background&quot;:&quot;classic&quot;,&quot;ekit_has_onepagescroll_dot&quot;:&quot;yes&quot;}\">\n\t\t<div class=\"elementor-element elementor-element-4948627 e-con-full e-flex e-con e-child\" data-id=\"4948627\" data-element_type=\"container\" data-e-type=\"container\" data-settings=\"{&quot;ekit_has_onepagescroll_dot&quot;:&quot;yes&quot;}\">\n\t\t\t\t<div class=\"elementor-element elementor-element-effeb1d elementor-widget__width-initial elementor-invisible elementor-widget elementor-widget-heading\" data-id=\"effeb1d\" data-element_type=\"widget\" data-e-type=\"widget\" data-settings=\"{&quot;_animation&quot;:&quot;swing&quot;,&quot;ekit_we_effect_on&quot;:&quot;none&quot;}\" data-widget_type=\"heading.default\">\n\t\t\t\t<div class=\"elementor-widget-container\">\n\t\t\t\t\t<h2 class=\"elementor-heading-title elementor-size-default\">Lista de Pecios Vigentes<\/h2>\t\t\t\t<\/div>\n\t\t\t\t<\/div>\n\t\t\t\t<div class=\"elementor-element elementor-element-e4a5d99 elementor-invisible elementor-widget elementor-widget-price-list\" data-id=\"e4a5d99\" data-element_type=\"widget\" data-e-type=\"widget\" data-settings=\"{&quot;_animation&quot;:&quot;slideInLeft&quot;,&quot;ekit_we_effect_on&quot;:&quot;none&quot;}\" data-widget_type=\"price-list.default\">\n\t\t\t\t<div class=\"elementor-widget-container\">\n\t\t\t\t\t\n\t\t<ul class=\"elementor-price-list\">\n\n\t\t\t\t\t\t\t\t\t<li><a class=\"elementor-price-list-item\" href=\"#\">\t\t\t\t\t\t\t\t\t<div class=\"elementor-price-list-image\">\n\t\t\t\t\t<img decoding=\"async\" src=\"https:\/\/ipgh.gob.ec\/BIBLIOTECA\/wp-content\/uploads\/2025\/03\/IMG_0560-150x150.jpeg\" alt=\"Antes: Arqueolog\u00eda de la Amazon\u00eda Ecuatoriana\" loading=\"lazy\" \/>\t\t\t\t<\/div>\n\t\t\t\t\n\t\t\t\t<div class=\"elementor-price-list-text\">\n\t\t\t\t\t\t\t\t\t<div class=\"elementor-price-list-header\">\n\t\t\t\t\t\t\t\t\t\t\t<span class=\"elementor-price-list-title\">\n\t\t\t\t\t\t\tAntes: Arqueolog\u00eda de la Amazon\u00eda Ecuatoriana\t\t\t\t\t\t<\/span>\n\t\t\t\t\t\t\t\t\t\t\t\t\t\t\t\t\t\t<span class=\"elementor-price-list-separator\"><\/span>\n\t\t\t\t\t\t\t\t\t\t\t\t\t\t\t\t\t\t\t<span class=\"elementor-price-list-price\">$15<\/span>\n\t\t\t\t\t\t\t\t\t\t<\/div>\n\t\t\t\t\t\t\t\t\t\t\t\t\t\t\t<p class=\"elementor-price-list-description\">\n\t\t\t\t\t\t\tAutor: Rostain, St\u00e9phen; A\u00f1o de Edici\u00f3n: 2013\t\t\t\t\t\t<\/p>\n\t\t\t\t\t\t\t\t<\/div>\n\t\t\t\t<\/a><\/li>\t\t\t\t\t\t\t\t\t\t\t\t<li><a class=\"elementor-price-list-item\" href=\"#\">\t\t\t\t\t\t\t\t\t<div class=\"elementor-price-list-image\">\n\t\t\t\t\t<img decoding=\"async\" src=\"https:\/\/ipgh.gob.ec\/BIBLIOTECA\/wp-content\/uploads\/2025\/03\/IMG_0567-150x150.jpeg\" alt=\"Ecuador Diverso y Mileneario\" loading=\"lazy\" \/>\t\t\t\t<\/div>\n\t\t\t\t\n\t\t\t\t<div class=\"elementor-price-list-text\">\n\t\t\t\t\t\t\t\t\t<div class=\"elementor-price-list-header\">\n\t\t\t\t\t\t\t\t\t\t\t<span class=\"elementor-price-list-title\">\n\t\t\t\t\t\t\tEcuador Diverso y Mileneario\t\t\t\t\t\t<\/span>\n\t\t\t\t\t\t\t\t\t\t\t\t\t\t\t\t\t\t<span class=\"elementor-price-list-separator\"><\/span>\n\t\t\t\t\t\t\t\t\t\t\t\t\t\t\t\t\t\t\t<span class=\"elementor-price-list-price\">$10<\/span>\n\t\t\t\t\t\t\t\t\t\t<\/div>\n\t\t\t\t\t\t\t\t\t\t\t\t\t\t\t<p class=\"elementor-price-list-description\">\n\t\t\t\t\t\t\tAutor: Almeida, Eduardo; A\u00f1o de Edici\u00f3n: 2015\t\t\t\t\t\t<\/p>\n\t\t\t\t\t\t\t\t<\/div>\n\t\t\t\t<\/a><\/li>\t\t\t\t\t\t\t\t\t\t\t\t<li><a class=\"elementor-price-list-item\" href=\"#\">\t\t\t\t\t\t\t\t\t<div class=\"elementor-price-list-image\">\n\t\t\t\t\t<img decoding=\"async\" src=\"https:\/\/ipgh.gob.ec\/BIBLIOTECA\/wp-content\/uploads\/2025\/03\/IMG_0561-150x150.jpeg\" alt=\"Fidelismo, Realismo y Contrarevoluci\u00f3n en la Audiencia de Quito\" loading=\"lazy\" \/>\t\t\t\t<\/div>\n\t\t\t\t\n\t\t\t\t<div class=\"elementor-price-list-text\">\n\t\t\t\t\t\t\t\t\t<div class=\"elementor-price-list-header\">\n\t\t\t\t\t\t\t\t\t\t\t<span class=\"elementor-price-list-title\">\n\t\t\t\t\t\t\tFidelismo, Realismo y Contrarevoluci\u00f3n en la Audiencia de Quito\t\t\t\t\t\t<\/span>\n\t\t\t\t\t\t\t\t\t\t\t\t\t\t\t\t\t\t<span class=\"elementor-price-list-separator\"><\/span>\n\t\t\t\t\t\t\t\t\t\t\t\t\t\t\t\t\t\t\t<span class=\"elementor-price-list-price\">$18<\/span>\n\t\t\t\t\t\t\t\t\t\t<\/div>\n\t\t\t\t\t\t\t\t\t\t\t\t\t\t\t<p class=\"elementor-price-list-description\">\n\t\t\t\t\t\t\tAutor: Sevilla, Alexandra; A\u00f1o de Edici\u00f3n: 2018\t\t\t\t\t\t<\/p>\n\t\t\t\t\t\t\t\t<\/div>\n\t\t\t\t<\/a><\/li>\t\t\t\t\t\t\t\t\t\t\t\t<li><a class=\"elementor-price-list-item\" href=\"#\">\t\t\t\t\t\t\t\t\t<div class=\"elementor-price-list-image\">\n\t\t\t\t\t<img decoding=\"async\" src=\"https:\/\/ipgh.gob.ec\/BIBLIOTECA\/wp-content\/uploads\/2025\/03\/IMG_0564-150x150.jpeg\" alt=\"Geolog\u00eda de Terremotos y Tsunami\" loading=\"lazy\" \/>\t\t\t\t<\/div>\n\t\t\t\t\n\t\t\t\t<div class=\"elementor-price-list-text\">\n\t\t\t\t\t\t\t\t\t<div class=\"elementor-price-list-header\">\n\t\t\t\t\t\t\t\t\t\t\t<span class=\"elementor-price-list-title\">\n\t\t\t\t\t\t\tGeolog\u00eda de Terremotos y Tsunami\t\t\t\t\t\t<\/span>\n\t\t\t\t\t\t\t\t\t\t\t\t\t\t\t\t\t\t<span class=\"elementor-price-list-separator\"><\/span>\n\t\t\t\t\t\t\t\t\t\t\t\t\t\t\t\t\t\t\t<span class=\"elementor-price-list-price\">$20<\/span>\n\t\t\t\t\t\t\t\t\t\t<\/div>\n\t\t\t\t\t\t\t\t\t\t\t\t\t\t\t<p class=\"elementor-price-list-description\">\n\t\t\t\t\t\t\tAutor: Chunga, Kervin; A\u00f1o de Edici\u00f3n: 2016\t\t\t\t\t\t<\/p>\n\t\t\t\t\t\t\t\t<\/div>\n\t\t\t\t<\/a><\/li>\t\t\t\t\t\t\t\t\t\t\t\t<li><a class=\"elementor-price-list-item\" href=\"#\">\t\t\t\t\t\t\t\t\t<div class=\"elementor-price-list-image\">\n\t\t\t\t\t<img decoding=\"async\" src=\"https:\/\/ipgh.gob.ec\/BIBLIOTECA\/wp-content\/uploads\/2025\/03\/IMG_0563-150x150.jpeg\" alt=\"Proceso Judicial del asesinato al Presidente Gabriel Garc\u00eda Moreno, Agosto 6 de 1875\" loading=\"lazy\" \/>\t\t\t\t<\/div>\n\t\t\t\t\n\t\t\t\t<div class=\"elementor-price-list-text\">\n\t\t\t\t\t\t\t\t\t<div class=\"elementor-price-list-header\">\n\t\t\t\t\t\t\t\t\t\t\t<span class=\"elementor-price-list-title\">\n\t\t\t\t\t\t\tProceso Judicial del asesinato al Presidente Gabriel Garc\u00eda Moreno, Agosto 6 de 1875\t\t\t\t\t\t<\/span>\n\t\t\t\t\t\t\t\t\t\t\t\t\t\t\t\t\t\t<span class=\"elementor-price-list-separator\"><\/span>\n\t\t\t\t\t\t\t\t\t\t\t\t\t\t\t\t\t\t\t<span class=\"elementor-price-list-price\">$10<\/span>\n\t\t\t\t\t\t\t\t\t\t<\/div>\n\t\t\t\t\t\t\t\t\t\t\t\t\t\t\t<p class=\"elementor-price-list-description\">\n\t\t\t\t\t\t\tAutor: Vasco,Grecia; A\u00f1o de Edici\u00f3n: 2008\t\t\t\t\t\t<\/p>\n\t\t\t\t\t\t\t\t<\/div>\n\t\t\t\t<\/a><\/li>\t\t\t\t\t\t\t\t\t\t\t\t<li><a class=\"elementor-price-list-item\" href=\"#\">\t\t\t\t\t\t\t\t\t<div class=\"elementor-price-list-image\">\n\t\t\t\t\t<img decoding=\"async\" src=\"https:\/\/ipgh.gob.ec\/BIBLIOTECA\/wp-content\/uploads\/2025\/03\/IMG_0558-150x150.jpeg\" alt=\"Pueblos y soberan\u00eda continuidades y rupturas conceptuales durante la insurgencia en el reino de Quito (1809 - 1813)\" loading=\"lazy\" \/>\t\t\t\t<\/div>\n\t\t\t\t\n\t\t\t\t<div class=\"elementor-price-list-text\">\n\t\t\t\t\t\t\t\t\t<div class=\"elementor-price-list-header\">\n\t\t\t\t\t\t\t\t\t\t\t<span class=\"elementor-price-list-title\">\n\t\t\t\t\t\t\tPueblos y soberan\u00eda continuidades y rupturas conceptuales durante la insurgencia en el reino de Quito (1809 - 1813)\t\t\t\t\t\t<\/span>\n\t\t\t\t\t\t\t\t\t\t\t\t\t\t\t\t\t\t<span class=\"elementor-price-list-separator\"><\/span>\n\t\t\t\t\t\t\t\t\t\t\t\t\t\t\t\t\t\t\t<span class=\"elementor-price-list-price\">$5<\/span>\n\t\t\t\t\t\t\t\t\t\t<\/div>\n\t\t\t\t\t\t\t\t\t\t\t\t\t\t\t<p class=\"elementor-price-list-description\">\n\t\t\t\t\t\t\tAutor: Ahmed I. Deidan de la Torre; A\u00f1o de Edici\u00f3n: 2016\t\t\t\t\t\t<\/p>\n\t\t\t\t\t\t\t\t<\/div>\n\t\t\t\t<\/a><\/li>\t\t\t\t\t\t\t\t\t\t\t\t<li><a class=\"elementor-price-list-item\" href=\"#\">\t\t\t\t\t\t\t\t\t<div class=\"elementor-price-list-image\">\n\t\t\t\t\t<img decoding=\"async\" src=\"https:\/\/ipgh.gob.ec\/BIBLIOTECA\/wp-content\/uploads\/2025\/03\/IMG_0566-150x150.jpeg\" alt=\"Upano Precolombino\" loading=\"lazy\" \/>\t\t\t\t<\/div>\n\t\t\t\t\n\t\t\t\t<div class=\"elementor-price-list-text\">\n\t\t\t\t\t\t\t\t\t<div class=\"elementor-price-list-header\">\n\t\t\t\t\t\t\t\t\t\t\t<span class=\"elementor-price-list-title\">\n\t\t\t\t\t\t\tUpano Precolombino\t\t\t\t\t\t<\/span>\n\t\t\t\t\t\t\t\t\t\t\t\t\t\t\t\t\t\t<span class=\"elementor-price-list-separator\"><\/span>\n\t\t\t\t\t\t\t\t\t\t\t\t\t\t\t\t\t\t\t<span class=\"elementor-price-list-price\">$25<\/span>\n\t\t\t\t\t\t\t\t\t\t<\/div>\n\t\t\t\t\t\t\t\t\t\t\t\t\t\t\t<p class=\"elementor-price-list-description\">\n\t\t\t\t\t\t\tAutor: ROSTAIN, St\u00e9phen; A\u00f1o de Edici\u00f3n: 2012\t\t\t\t\t\t<\/p>\n\t\t\t\t\t\t\t\t<\/div>\n\t\t\t\t<\/a><\/li>\t\t\t\t\t\t\t\t\t\t\t\t<li><a class=\"elementor-price-list-item\" href=\"#\">\t\t\t\t\t\t\t\t\t<div class=\"elementor-price-list-image\">\n\t\t\t\t\t<img decoding=\"async\" src=\"https:\/\/ipgh.gob.ec\/BIBLIOTECA\/wp-content\/uploads\/2025\/03\/IMG_0562-150x150.jpeg\" alt=\"Peque\u00f1os productores, Ciudades y leche\" loading=\"lazy\" \/>\t\t\t\t<\/div>\n\t\t\t\t\n\t\t\t\t<div class=\"elementor-price-list-text\">\n\t\t\t\t\t\t\t\t\t<div class=\"elementor-price-list-header\">\n\t\t\t\t\t\t\t\t\t\t\t<span class=\"elementor-price-list-title\">\n\t\t\t\t\t\t\tPeque\u00f1os productores, Ciudades y leche\t\t\t\t\t\t<\/span>\n\t\t\t\t\t\t\t\t\t\t\t\t\t\t\t\t\t\t<span class=\"elementor-price-list-separator\"><\/span>\n\t\t\t\t\t\t\t\t\t\t\t\t\t\t\t\t\t\t\t<span class=\"elementor-price-list-price\">$10<\/span>\n\t\t\t\t\t\t\t\t\t\t<\/div>\n\t\t\t\t\t\t\t\t\t\t\t\t\t\t\t<p class=\"elementor-price-list-description\">\n\t\t\t\t\t\t\tAutor: Barrag\u00e1n, Fernando; A\u00f1o de Edici\u00f3n: 2012\t\t\t\t\t\t<\/p>\n\t\t\t\t\t\t\t\t<\/div>\n\t\t\t\t<\/a><\/li>\t\t\t\t\t\n\t\t<\/ul>\n\n\t\t\t\t\t\t<\/div>\n\t\t\t\t<\/div>\n\t\t\t\t<\/div>\n\t\t\t\t<\/div>\n\t\t\t\t<section class=\"elementor-section elementor-top-section elementor-element elementor-element-6207936 elementor-section-boxed elementor-section-height-default elementor-section-height-default\" data-id=\"6207936\" data-element_type=\"section\" data-e-type=\"section\" data-settings=\"{&quot;ekit_has_onepagescroll_dot&quot;:&quot;yes&quot;}\">\n\t\t\t\t\t\t\t<div class=\"elementor-background-overlay\"><\/div>\n\t\t\t\t\t\t\t<div class=\"elementor-container elementor-column-gap-default\">\n\t\t\t\t\t<div class=\"elementor-column elementor-col-100 elementor-top-column elementor-element elementor-element-1ff3aec3\" data-id=\"1ff3aec3\" data-element_type=\"column\" data-e-type=\"column\">\n\t\t\t<div class=\"elementor-widget-wrap elementor-element-populated\">\n\t\t\t\t\t\t<section class=\"elementor-section elementor-inner-section elementor-element elementor-element-6ac67c52 elementor-section-full_width elementor-section-height-default elementor-section-height-default\" data-id=\"6ac67c52\" data-element_type=\"section\" data-e-type=\"section\" data-settings=\"{&quot;ekit_has_onepagescroll_dot&quot;:&quot;yes&quot;}\">\n\t\t\t\t\t\t<div class=\"elementor-container elementor-column-gap-custom\">\n\t\t\t\t\t<div class=\"elementor-column elementor-col-50 elementor-inner-column elementor-element elementor-element-4151f155\" data-id=\"4151f155\" data-element_type=\"column\" data-e-type=\"column\">\n\t\t\t<div class=\"elementor-widget-wrap elementor-element-populated\">\n\t\t\t\t\t\t<div class=\"elementor-element elementor-element-485e2000 elementor-invisible elementor-widget elementor-widget-heading\" data-id=\"485e2000\" data-element_type=\"widget\" data-e-type=\"widget\" data-settings=\"{&quot;_animation&quot;:&quot;fadeInUp&quot;,&quot;_animation_delay&quot;:200,&quot;ekit_we_effect_on&quot;:&quot;none&quot;}\" data-widget_type=\"heading.default\">\n\t\t\t\t<div class=\"elementor-widget-container\">\n\t\t\t\t\t<h3 class=\"elementor-heading-title elementor-size-default\">Instituciones Relacionadas<\/h3>\t\t\t\t<\/div>\n\t\t\t\t<\/div>\n\t\t\t\t\t<\/div>\n\t\t<\/div>\n\t\t\t\t<div class=\"elementor-column elementor-col-50 elementor-inner-column elementor-element elementor-element-48f537c8\" data-id=\"48f537c8\" data-element_type=\"column\" data-e-type=\"column\">\n\t\t\t<div class=\"elementor-widget-wrap elementor-element-populated\">\n\t\t\t\t\t\t<div class=\"elementor-element elementor-element-29d0ea74 elementor-widget__width-initial elementor-widget elementor-widget-image\" data-id=\"29d0ea74\" data-element_type=\"widget\" data-e-type=\"widget\" data-settings=\"{&quot;ekit_we_effect_on&quot;:&quot;none&quot;}\" data-widget_type=\"image.default\">\n\t\t\t\t<div class=\"elementor-widget-container\">\n\t\t\t\t\t\t\t\t\t\t\t\t\t\t\t\t<a href=\"https:\/\/www.ipgh.org\/mx\/\" target=\"_blank\">\n\t\t\t\t\t\t\t<img decoding=\"async\" width=\"150\" height=\"150\" src=\"https:\/\/ipgh.gob.ec\/BIBLIOTECA\/wp-content\/uploads\/2025\/03\/IMG_0420-150x150.png\" class=\"attachment-thumbnail size-thumbnail wp-image-9551\" alt=\"\" \/>\t\t\t\t\t\t\t\t<\/a>\n\t\t\t\t\t\t\t\t\t\t\t\t\t\t\t<\/div>\n\t\t\t\t<\/div>\n\t\t\t\t<div class=\"elementor-element elementor-element-277969d9 elementor-widget__width-initial elementor-widget elementor-widget-image\" data-id=\"277969d9\" data-element_type=\"widget\" data-e-type=\"widget\" data-settings=\"{&quot;ekit_we_effect_on&quot;:&quot;none&quot;}\" data-widget_type=\"image.default\">\n\t\t\t\t<div class=\"elementor-widget-container\">\n\t\t\t\t\t\t\t\t\t\t\t\t\t\t\t\t<a href=\"http:\/\/www.geograficomilitar.gob.ec\/noticias\/\" target=\"_blank\">\n\t\t\t\t\t\t\t<img decoding=\"async\" width=\"150\" height=\"150\" src=\"https:\/\/ipgh.gob.ec\/BIBLIOTECA\/wp-content\/uploads\/2025\/03\/Logos-Instituciones-Relacionadas-150x150.png\" class=\"attachment-thumbnail size-thumbnail wp-image-9672\" alt=\"\" srcset=\"https:\/\/ipgh.gob.ec\/BIBLIOTECA\/wp-content\/uploads\/2025\/03\/Logos-Instituciones-Relacionadas-150x150.png 150w, https:\/\/ipgh.gob.ec\/BIBLIOTECA\/wp-content\/uploads\/2025\/03\/Logos-Instituciones-Relacionadas-300x300.png 300w, https:\/\/ipgh.gob.ec\/BIBLIOTECA\/wp-content\/uploads\/2025\/03\/Logos-Instituciones-Relacionadas-1024x1024.png 1024w, https:\/\/ipgh.gob.ec\/BIBLIOTECA\/wp-content\/uploads\/2025\/03\/Logos-Instituciones-Relacionadas-768x768.png 768w, https:\/\/ipgh.gob.ec\/BIBLIOTECA\/wp-content\/uploads\/2025\/03\/Logos-Instituciones-Relacionadas-1536x1536.png 1536w, https:\/\/ipgh.gob.ec\/BIBLIOTECA\/wp-content\/uploads\/2025\/03\/Logos-Instituciones-Relacionadas-2048x2048.png 2048w\" sizes=\"(max-width: 150px) 100vw, 150px\" \/>\t\t\t\t\t\t\t\t<\/a>\n\t\t\t\t\t\t\t\t\t\t\t\t\t\t\t<\/div>\n\t\t\t\t<\/div>\n\t\t\t\t<div class=\"elementor-element elementor-element-4fab4c1e elementor-widget__width-initial elementor-widget elementor-widget-image\" data-id=\"4fab4c1e\" data-element_type=\"widget\" data-e-type=\"widget\" data-settings=\"{&quot;ekit_we_effect_on&quot;:&quot;none&quot;}\" data-widget_type=\"image.default\">\n\t\t\t\t<div class=\"elementor-widget-container\">\n\t\t\t\t\t\t\t\t\t\t\t\t\t\t\t\t<a href=\"https:\/\/academiahistoria.org.ec\/index.php\/boletinesANHE\" target=\"_blank\">\n\t\t\t\t\t\t\t<img decoding=\"async\" width=\"150\" height=\"150\" src=\"https:\/\/ipgh.gob.ec\/BIBLIOTECA\/wp-content\/uploads\/2025\/03\/Academia-Nacional-de-Historia-150x150.png\" class=\"attachment-thumbnail size-thumbnail wp-image-9673\" alt=\"\" srcset=\"https:\/\/ipgh.gob.ec\/BIBLIOTECA\/wp-content\/uploads\/2025\/03\/Academia-Nacional-de-Historia-150x150.png 150w, https:\/\/ipgh.gob.ec\/BIBLIOTECA\/wp-content\/uploads\/2025\/03\/Academia-Nacional-de-Historia-300x300.png 300w, https:\/\/ipgh.gob.ec\/BIBLIOTECA\/wp-content\/uploads\/2025\/03\/Academia-Nacional-de-Historia-1024x1024.png 1024w, https:\/\/ipgh.gob.ec\/BIBLIOTECA\/wp-content\/uploads\/2025\/03\/Academia-Nacional-de-Historia-768x768.png 768w, https:\/\/ipgh.gob.ec\/BIBLIOTECA\/wp-content\/uploads\/2025\/03\/Academia-Nacional-de-Historia-1536x1536.png 1536w, https:\/\/ipgh.gob.ec\/BIBLIOTECA\/wp-content\/uploads\/2025\/03\/Academia-Nacional-de-Historia-2048x2048.png 2048w\" sizes=\"(max-width: 150px) 100vw, 150px\" \/>\t\t\t\t\t\t\t\t<\/a>\n\t\t\t\t\t\t\t\t\t\t\t\t\t\t\t<\/div>\n\t\t\t\t<\/div>\n\t\t\t\t<div class=\"elementor-element elementor-element-23d1b70b elementor-widget__width-initial elementor-widget elementor-widget-image\" data-id=\"23d1b70b\" data-element_type=\"widget\" data-e-type=\"widget\" data-settings=\"{&quot;ekit_we_effect_on&quot;:&quot;none&quot;}\" data-widget_type=\"image.default\">\n\t\t\t\t<div class=\"elementor-widget-container\">\n\t\t\t\t\t\t\t\t\t\t\t\t\t\t\t\t<a href=\"https:\/\/www.inocar.mil.ec\/web\/index.php\" target=\"_blank\">\n\t\t\t\t\t\t\t<img loading=\"lazy\" decoding=\"async\" width=\"150\" height=\"150\" src=\"https:\/\/ipgh.gob.ec\/BIBLIOTECA\/wp-content\/uploads\/2025\/03\/INOCAR-150x150.png\" class=\"attachment-thumbnail size-thumbnail wp-image-9674\" alt=\"\" srcset=\"https:\/\/ipgh.gob.ec\/BIBLIOTECA\/wp-content\/uploads\/2025\/03\/INOCAR-150x150.png 150w, https:\/\/ipgh.gob.ec\/BIBLIOTECA\/wp-content\/uploads\/2025\/03\/INOCAR-300x300.png 300w, https:\/\/ipgh.gob.ec\/BIBLIOTECA\/wp-content\/uploads\/2025\/03\/INOCAR-1024x1024.png 1024w, https:\/\/ipgh.gob.ec\/BIBLIOTECA\/wp-content\/uploads\/2025\/03\/INOCAR-768x768.png 768w, https:\/\/ipgh.gob.ec\/BIBLIOTECA\/wp-content\/uploads\/2025\/03\/INOCAR-1536x1536.png 1536w, https:\/\/ipgh.gob.ec\/BIBLIOTECA\/wp-content\/uploads\/2025\/03\/INOCAR-2048x2048.png 2048w\" sizes=\"(max-width: 150px) 100vw, 150px\" \/>\t\t\t\t\t\t\t\t<\/a>\n\t\t\t\t\t\t\t\t\t\t\t\t\t\t\t<\/div>\n\t\t\t\t<\/div>\n\t\t\t\t<div class=\"elementor-element elementor-element-1c436c08 elementor-widget__width-initial elementor-widget elementor-widget-image\" data-id=\"1c436c08\" data-element_type=\"widget\" data-e-type=\"widget\" data-settings=\"{&quot;ekit_we_effect_on&quot;:&quot;none&quot;}\" data-widget_type=\"image.default\">\n\t\t\t\t<div class=\"elementor-widget-container\">\n\t\t\t\t\t\t\t\t\t\t\t\t\t\t\t\t<a href=\"https:\/\/www.uide.edu.ec\/\" target=\"_blank\">\n\t\t\t\t\t\t\t<img loading=\"lazy\" decoding=\"async\" width=\"150\" height=\"150\" src=\"https:\/\/ipgh.gob.ec\/BIBLIOTECA\/wp-content\/uploads\/2025\/03\/UIDE-150x150.png\" class=\"attachment-thumbnail size-thumbnail wp-image-9678\" alt=\"\" srcset=\"https:\/\/ipgh.gob.ec\/BIBLIOTECA\/wp-content\/uploads\/2025\/03\/UIDE-150x150.png 150w, https:\/\/ipgh.gob.ec\/BIBLIOTECA\/wp-content\/uploads\/2025\/03\/UIDE-300x300.png 300w, https:\/\/ipgh.gob.ec\/BIBLIOTECA\/wp-content\/uploads\/2025\/03\/UIDE-1024x1024.png 1024w, https:\/\/ipgh.gob.ec\/BIBLIOTECA\/wp-content\/uploads\/2025\/03\/UIDE-768x768.png 768w, https:\/\/ipgh.gob.ec\/BIBLIOTECA\/wp-content\/uploads\/2025\/03\/UIDE-1536x1536.png 1536w, https:\/\/ipgh.gob.ec\/BIBLIOTECA\/wp-content\/uploads\/2025\/03\/UIDE-2048x2048.png 2048w\" sizes=\"(max-width: 150px) 100vw, 150px\" \/>\t\t\t\t\t\t\t\t<\/a>\n\t\t\t\t\t\t\t\t\t\t\t\t\t\t\t<\/div>\n\t\t\t\t<\/div>\n\t\t\t\t<div class=\"elementor-element elementor-element-3add344e elementor-widget__width-initial elementor-widget elementor-widget-image\" data-id=\"3add344e\" data-element_type=\"widget\" data-e-type=\"widget\" data-settings=\"{&quot;ekit_we_effect_on&quot;:&quot;none&quot;}\" data-widget_type=\"image.default\">\n\t\t\t\t<div class=\"elementor-widget-container\">\n\t\t\t\t\t\t\t\t\t\t\t\t\t\t\t\t<a href=\"https:\/\/yavirac.edu.ec\/\" target=\"_blank\">\n\t\t\t\t\t\t\t<img loading=\"lazy\" decoding=\"async\" width=\"150\" height=\"150\" src=\"https:\/\/ipgh.gob.ec\/BIBLIOTECA\/wp-content\/uploads\/2025\/03\/YAVIRAC-150x150.png\" class=\"attachment-thumbnail size-thumbnail wp-image-9682\" alt=\"\" srcset=\"https:\/\/ipgh.gob.ec\/BIBLIOTECA\/wp-content\/uploads\/2025\/03\/YAVIRAC-150x150.png 150w, https:\/\/ipgh.gob.ec\/BIBLIOTECA\/wp-content\/uploads\/2025\/03\/YAVIRAC-300x300.png 300w, https:\/\/ipgh.gob.ec\/BIBLIOTECA\/wp-content\/uploads\/2025\/03\/YAVIRAC-1024x1024.png 1024w, https:\/\/ipgh.gob.ec\/BIBLIOTECA\/wp-content\/uploads\/2025\/03\/YAVIRAC-768x768.png 768w, https:\/\/ipgh.gob.ec\/BIBLIOTECA\/wp-content\/uploads\/2025\/03\/YAVIRAC-1536x1536.png 1536w, https:\/\/ipgh.gob.ec\/BIBLIOTECA\/wp-content\/uploads\/2025\/03\/YAVIRAC-2048x2048.png 2048w\" sizes=\"(max-width: 150px) 100vw, 150px\" \/>\t\t\t\t\t\t\t\t<\/a>\n\t\t\t\t\t\t\t\t\t\t\t\t\t\t\t<\/div>\n\t\t\t\t<\/div>\n\t\t\t\t\t<\/div>\n\t\t<\/div>\n\t\t\t\t\t<\/div>\n\t\t<\/section>\n\t\t\t\t\t<\/div>\n\t\t<\/div>\n\t\t\t\t\t<\/div>\n\t\t<\/section>\n\t\t<div class=\"elementor-element elementor-element-6ebaeb0 e-flex e-con-boxed e-con e-parent\" data-id=\"6ebaeb0\" data-element_type=\"container\" data-e-type=\"container\" data-settings=\"{&quot;ekit_has_onepagescroll_dot&quot;:&quot;yes&quot;}\">\n\t\t\t\t\t<div class=\"e-con-inner\">\n\t\t\t\t\t<\/div>\n\t\t\t\t<\/div>\n\t\t\t\t<\/div>\n\t\t","protected":false},"excerpt":{"rendered":"<p>Lista de Pecios Vigentes Antes: Arqueolog\u00eda de la Amazon\u00eda Ecuatoriana $15 Autor: Rostain, St\u00e9phen; A\u00f1o de Edici\u00f3n: 2013 Ecuador Diverso y Mileneario $10 Autor: Almeida, Eduardo; A\u00f1o de Edici\u00f3n: 2015 Fidelismo, Realismo y Contrarevoluci\u00f3n en la Audiencia de Quito $18 Autor: Sevilla, Alexandra; A\u00f1o de Edici\u00f3n: 2018 Geolog\u00eda de Terremotos y Tsunami $20 Autor: Chunga, [&hellip;]<\/p>\n","protected":false},"author":1,"featured_media":0,"parent":0,"menu_order":0,"comment_status":"closed","ping_status":"closed","template":"elementor_header_footer","meta":{"footnotes":""},"class_list":["post-10397","page","type-page","status-publish","hentry"],"_links":{"self":[{"href":"https:\/\/ipgh.gob.ec\/BIBLIOTECA\/wp-json\/wp\/v2\/pages\/10397","targetHints":{"allow":["GET"]}}],"collection":[{"href":"https:\/\/ipgh.gob.ec\/BIBLIOTECA\/wp-json\/wp\/v2\/pages"}],"about":[{"href":"https:\/\/ipgh.gob.ec\/BIBLIOTECA\/wp-json\/wp\/v2\/types\/page"}],"author":[{"embeddable":true,"href":"https:\/\/ipgh.gob.ec\/BIBLIOTECA\/wp-json\/wp\/v2\/users\/1"}],"replies":[{"embeddable":true,"href":"https:\/\/ipgh.gob.ec\/BIBLIOTECA\/wp-json\/wp\/v2\/comments?post=10397"}],"version-history":[{"count":4,"href":"https:\/\/ipgh.gob.ec\/BIBLIOTECA\/wp-json\/wp\/v2\/pages\/10397\/revisions"}],"predecessor-version":[{"id":10401,"href":"https:\/\/ipgh.gob.ec\/BIBLIOTECA\/wp-json\/wp\/v2\/pages\/10397\/revisions\/10401"}],"wp:attachment":[{"href":"https:\/\/ipgh.gob.ec\/BIBLIOTECA\/wp-json\/wp\/v2\/media?parent=10397"}],"curies":[{"name":"wp","href":"https:\/\/api.w.org\/{rel}","templated":true}]}}